{"id":945,"date":"2023-04-19T16:59:21","date_gmt":"2023-04-19T14:59:21","guid":{"rendered":"http:\/\/poker-solidaire.fr\/?page_id=945"},"modified":"2024-12-20T23:32:29","modified_gmt":"2024-12-20T22:32:29","slug":"offres-avantages","status":"publish","type":"page","link":"http:\/\/a-f-p-i.com\/pcs\/offres-avantages\/","title":{"rendered":"OFFRES et AVANTAGES"},"content":{"rendered":"\n<div style=\"height:30px\" aria-hidden=\"true\" class=\"wp-block-spacer\"><\/div>\n\n\n<p><strong>Il s&rsquo;agit de payer un abonnement pour profiter de tarifs r\u00e9duits lors de vos d\u00e9placements, pour payer moins chers vos diff\u00e9rents loisirs, etc.<\/strong><\/p>\n<p><strong>Cette offre est limit\u00e9e \u00e0 maximum 60 personnes en 2025.<\/strong><\/p>\n<p><strong>L&rsquo;abonnement est \u00e0 20\u20ac.<\/strong><br>Nous avons d\u00e9cid\u00e9 de proposer un abonnement qui soit \u00e0 un tarif raisonnable qui vous permet d&rsquo;y gagner rapidement (exemple : en passant par nous, vous payez moins cher pour aller \u00e0 Walibi, au Parc Ast\u00e9rix, au Puy Du Fou, \u00e0 Europa Park, etc).<\/p>\n<p><strong>Le pass est tr\u00e8s vite rentabilis\u00e9 ou rembours\u00e9 !<\/strong><br>Exemple d&rsquo;utilisation : l&rsquo;entr\u00e9e PARC ASTERIX de 1 JOUR pour une personne de plus de 11 ans, elle est \u00e0 49\u20ac au lieu de 59\u20ac, soit une r\u00e9duction de 10\u20ac. Si vous y aller \u00e0 2 personnes, vous avez donc une r\u00e9duction totale de 20\u20ac.)<\/p>\n<p>Il est possible de nous demander de vous apporter de l&rsquo;aide durant l&rsquo;ann\u00e9e.<\/p>\n<p>Si vous recherchez une offre qui n&rsquo;est pas mentionn\u00e9e, nous pouvons faire une recherche pour essayer de vous en proposer une !<\/p>\n\n\n<div style=\"height:21px\" aria-hidden=\"true\" class=\"wp-block-spacer\"><\/div>\n\n\n\n<hr class=\"wp-block-separator has-alpha-channel-opacity\"\/>\n\n\n\n<div style=\"height:4px\" aria-hidden=\"true\" class=\"wp-block-spacer\"><\/div>\n\n\n<h4 style=\"text-align: center;\"><a href=\"https:\/\/www.facebook.com\/media\/set\/?set=a.10051747161517465&amp;type=3\" target=\"_blank\" rel=\"noopener\"><strong>Tarifs r\u00e9duits pour se d\u00e9placer<\/strong><\/a><\/h4>\n<h4 style=\"text-align: center;\"><a href=\"https:\/\/www.facebook.com\/media\/set\/?set=a.10053408784684636&amp;type=3\" target=\"_blank\" rel=\"noopener\"><strong>Tarifs r\u00e9duits pour se loger et\/ou se restaurer<\/strong><\/a><\/h4>\n<h4 style=\"text-align: center;\"><a href=\"https:\/\/www.facebook.com\/media\/set\/?set=a.10051689601523221&amp;type=3\" target=\"_blank\" rel=\"noopener\"><strong>Tarifs r\u00e9duits pour aller voir des films au Cin\u00e9ma<\/strong><\/a><\/h4>\n<h4 style=\"text-align: center;\"><a href=\"https:\/\/www.facebook.com\/media\/set\/?set=a.10051721221520059&amp;type=3\" target=\"_blank\" rel=\"noopener\"><strong>Tarifs r\u00e9duits pour des spectacles<\/strong><\/a><\/h4>\n<h4 style=\"text-align: center;\"><a href=\"https:\/\/www.facebook.com\/media\/set\/?set=a.10051597744865740&amp;type=3\" target=\"_blank\" rel=\"noopener\"><strong>Tarifs r\u00e9duits pour acc\u00e9der \u00e0 des parcs d\u2019attractions<\/strong><\/a><\/h4>\n<h4 style=\"text-align: center;\"><a href=\"https:\/\/www.facebook.com\/media\/set\/?set=a.10051634674862047&amp;type=3\" target=\"_blank\" rel=\"noopener\"><strong>Tarifs r\u00e9duits pour acc\u00e9der \u00e0 des parcs animaliers<\/strong><\/a><\/h4>\n<h4 style=\"text-align: center;\"><a href=\"https:\/\/www.facebook.com\/media\/set\/?set=a.10036316529727195&amp;type=3\" target=\"_blank\" rel=\"noopener\"><strong>Tarifs r\u00e9duits pour acc\u00e9der \u00e0 des parcs aquatiques<\/strong><\/a><\/h4>\n<h4 style=\"text-align: center;\"><a href=\"https:\/\/www.facebook.com\/media\/set\/?set=a.10053316494693865&amp;type=3\" target=\"_blank\" rel=\"noopener\"><strong>Tarifs r\u00e9duits pour diff\u00e9rentes activit\u00e9s de loisirs<\/strong><\/a><\/h4>\n<h4 style=\"text-align: center;\"><a href=\"https:\/\/www.facebook.com\/media\/set\/?set=a.10051731354852379&amp;type=3\" target=\"_blank\" rel=\"noopener\"><strong>Tarifs r\u00e9duits pour des activit\u00e9s de bien-\u00eatre<\/strong><\/a><\/h4>\n\n\n<div style=\"height:21px\" aria-hidden=\"true\" class=\"wp-block-spacer\"><\/div>\n\n\n\n<hr class=\"wp-block-separator has-alpha-channel-opacity\"\/>\n\n\n\n<div style=\"height:21px\" aria-hidden=\"true\" class=\"wp-block-spacer\"><\/div>\n\n\n\n<div style=\"height:15px\" aria-hidden=\"true\" class=\"wp-block-spacer\"><\/div>\n\n\n<h3><strong>FORMULAIRE pour demander le PASS CLUB SOLIDAIRE :<\/strong><\/h3>\n\n\n<div class=\"wpforms-container wpforms-container-full wpforms-render-modern\" id=\"wpforms-1305\"><form id=\"wpforms-form-1305\" class=\"wpforms-validate wpforms-form wpforms-ajax-form\" data-formid=\"1305\" method=\"post\" enctype=\"multipart\/form-data\" action=\"\/pcs\/wp-json\/wp\/v2\/pages\/945\" data-token=\"83213393f0c9718c22624b25cdce8d83\"><noscript class=\"wpforms-error-noscript\">Veuillez activer JavaScript dans votre navigateur pour remplir ce formulaire.<\/noscript><div class=\"wpforms-hidden\" id=\"wpforms-error-noscript\">Veuillez activer JavaScript dans votre navigateur pour remplir ce formulaire.<\/div><div class=\"wpforms-field-container\"><div id=\"wpforms-1305-field_0-container\" class=\"wpforms-field wpforms-field-name\" data-field-id=\"0\"><fieldset><legend class=\"wpforms-field-label\">Votre identit\u00e9 <span class=\"wpforms-required-label\" aria-hidden=\"true\">*<\/span><\/legend><div class=\"wpforms-field-row wpforms-field-medium\"><div class=\"wpforms-field-row-block wpforms-first wpforms-one-half\"><input type=\"text\" id=\"wpforms-1305-field_0\" class=\"wpforms-field-name-first wpforms-field-required\" name=\"wpforms[fields][0][first]\" aria-errormessage=\"wpforms-1305-field_0-error\" required><label for=\"wpforms-1305-field_0\" class=\"wpforms-field-sublabel after \">Pr\u00e9nom<\/label><\/div><div class=\"wpforms-field-row-block wpforms-one-half\"><input type=\"text\" id=\"wpforms-1305-field_0-last\" class=\"wpforms-field-name-last wpforms-field-required\" name=\"wpforms[fields][0][last]\" aria-errormessage=\"wpforms-1305-field_0-last-error\" required><label for=\"wpforms-1305-field_0-last\" class=\"wpforms-field-sublabel after \">Nom<\/label><\/div><\/div><\/fieldset><\/div><div id=\"wpforms-1305-field_1-container\" class=\"wpforms-field wpforms-field-email\" data-field-id=\"1\"><label class=\"wpforms-field-label\" for=\"wpforms-1305-field_1\">Votre adresse e-mail <span class=\"wpforms-required-label\" aria-hidden=\"true\">*<\/span><\/label><input type=\"email\" id=\"wpforms-1305-field_1\" class=\"wpforms-field-medium wpforms-field-required\" name=\"wpforms[fields][1]\" spellcheck=\"false\" aria-errormessage=\"wpforms-1305-field_1-error\" required><\/div><div id=\"wpforms-1305-field_3-container\" class=\"wpforms-field wpforms-field-text\" data-field-id=\"3\"><label class=\"wpforms-field-label\" for=\"wpforms-1305-field_3\">Votre ville de r\u00e9sidence <span class=\"wpforms-required-label\" aria-hidden=\"true\">*<\/span><\/label><input type=\"text\" id=\"wpforms-1305-field_3\" class=\"wpforms-field-small wpforms-field-required\" name=\"wpforms[fields][3]\" aria-errormessage=\"wpforms-1305-field_3-error\" aria-describedby=\"wpforms-1305-field_3-description\" required><div id=\"wpforms-1305-field_3-description\" class=\"wpforms-field-description\"><i>Il est obligatoire de r\u00e9sider en France !<\/i>\r\n<br\/><br\/><\/div><\/div><div id=\"wpforms-1305-field_4-container\" class=\"wpforms-field wpforms-field-text\" data-field-id=\"4\"><label class=\"wpforms-field-label\" for=\"wpforms-1305-field_4\">Votre code postal de r\u00e9sidence <span class=\"wpforms-required-label\" aria-hidden=\"true\">*<\/span><\/label><input type=\"text\" id=\"wpforms-1305-field_4\" class=\"wpforms-field-small wpforms-field-required\" name=\"wpforms[fields][4]\" aria-errormessage=\"wpforms-1305-field_4-error\" aria-describedby=\"wpforms-1305-field_4-description\" required><div id=\"wpforms-1305-field_4-description\" class=\"wpforms-field-description\"><br\/><\/div><\/div><\/div><!-- .wpforms-field-container --><div class=\"wpforms-recaptcha-container wpforms-is-hcaptcha\" ><div class=\"g-recaptcha\" data-sitekey=\"ea8cf5dd-3f6f-44d7-921e-4943f488e56d\"><\/div><input type=\"text\" name=\"g-recaptcha-hidden\" class=\"wpforms-recaptcha-hidden\" style=\"position:absolute!important;clip:rect(0,0,0,0)!important;height:1px!important;width:1px!important;border:0!important;overflow:hidden!important;padding:0!important;margin:0!important;\" data-rule-hcaptcha=\"1\"><\/div><div class=\"wpforms-submit-container\" ><input type=\"hidden\" name=\"wpforms[id]\" value=\"1305\"><input type=\"hidden\" name=\"wpforms[author]\" value=\"1\"><button type=\"submit\" name=\"wpforms[submit]\" id=\"wpforms-submit-1305\" class=\"wpforms-submit\" data-alt-text=\"Envoi...\" data-submit-text=\"Envoyer\" aria-live=\"assertive\" value=\"wpforms-submit\">Envoyer<\/button><img src=\"http:\/\/a-f-p-i.com\/pcs\/wp-content\/plugins\/wpforms-lite\/assets\/images\/submit-spin.svg\" class=\"wpforms-submit-spinner\" style=\"display: none;\" width=\"26\" height=\"26\" alt=\"Chargement en cours\"><\/div><\/form><\/div>  <!-- .wpforms-container -->\n\n\n\n<hr class=\"wp-block-separator has-css-opacity\"\/>\n\n\n<p><em>Merci de prendre contact avec nous via notre page <a href=\"https:\/\/www.facebook.com\/passclubsolidaire\/\" target=\"_blank\" rel=\"noopener\">Facebook<\/a>, apr\u00e8s votre demande. Si vous n&rsquo;avez pas Facebook, vous pouvez nous \u00e9crire \u00e0 l&rsquo;adresse e-mail contact@pass-club-solidaire.fr afin de confirmer votre demande.<\/em><\/p>\n<p><em>Le paiement est \u00e0 effectuer apr\u00e8s la confirmation de la bonne r\u00e9ception de votre demande d&rsquo;abonnement.<\/em><\/p>\n<p><em>Le paiement se fait par Stripe ou Paypal.<\/em><\/p>\n\n\n<div style=\"height:14px\" aria-hidden=\"true\" class=\"wp-block-spacer\"><\/div>\n\n\n\n<hr class=\"wp-block-separator has-alpha-channel-opacity\"\/>\n\n\n\n<div style=\"height:44px\" aria-hidden=\"true\" class=\"wp-block-spacer\"><\/div>\n\n\n<div class=\"wp-block-image\">\n<figure class=\"aligncenter size-full is-resized\"><img decoding=\"async\" loading=\"lazy\" src=\"http:\/\/a-f-p-i.com\/pcs\/wp-content\/uploads\/2024\/12\/logo-poker-solidaire-550.png\" alt=\"\" class=\"wp-image-1448\" width=\"288\" height=\"144\" srcset=\"http:\/\/a-f-p-i.com\/pcs\/wp-content\/uploads\/2024\/12\/logo-poker-solidaire-550.png 550w, http:\/\/a-f-p-i.com\/pcs\/wp-content\/uploads\/2024\/12\/logo-poker-solidaire-550-300x150.png 300w\" sizes=\"(max-width: 288px) 100vw, 288px\" \/><\/figure><\/div>\n\n<h3><strong>Si vous jouez au poker, le PASS CLUB SOLIDAIRE est \u00e0 15\u20ac\/an pour les joueurs de <a href=\"http:\/\/www.poker-solidaire.fr\" target=\"_blank\" rel=\"noopener\">Poker Solidaire<\/a> et permet de valider une Action Solidaire.<\/strong><\/h3>\n\n\n<div style=\"height:17px\" aria-hidden=\"true\" class=\"wp-block-spacer\"><\/div>\n\n\n\n<div style=\"height:103px\" aria-hidden=\"true\" class=\"wp-block-spacer\"><\/div>\n","protected":false},"excerpt":{"rendered":"<p>Il s&rsquo;agit de payer un abonnement pour profiter de tarifs r\u00e9duits lors de vos d\u00e9placements,<\/p>\n","protected":false},"author":1,"featured_media":0,"parent":0,"menu_order":0,"comment_status":"closed","ping_status":"closed","template":"","meta":[],"_links":{"self":[{"href":"http:\/\/a-f-p-i.com\/pcs\/wp-json\/wp\/v2\/pages\/945"}],"collection":[{"href":"http:\/\/a-f-p-i.com\/pcs\/wp-json\/wp\/v2\/pages"}],"about":[{"href":"http:\/\/a-f-p-i.com\/pcs\/wp-json\/wp\/v2\/types\/page"}],"author":[{"embeddable":true,"href":"http:\/\/a-f-p-i.com\/pcs\/wp-json\/wp\/v2\/users\/1"}],"replies":[{"embeddable":true,"href":"http:\/\/a-f-p-i.com\/pcs\/wp-json\/wp\/v2\/comments?post=945"}],"version-history":[{"count":35,"href":"http:\/\/a-f-p-i.com\/pcs\/wp-json\/wp\/v2\/pages\/945\/revisions"}],"predecessor-version":[{"id":1449,"href":"http:\/\/a-f-p-i.com\/pcs\/wp-json\/wp\/v2\/pages\/945\/revisions\/1449"}],"wp:attachment":[{"href":"http:\/\/a-f-p-i.com\/pcs\/wp-json\/wp\/v2\/media?parent=945"}],"curies":[{"name":"wp","href":"https:\/\/api.w.org\/{rel}","templated":true}]}}