{"id":26,"date":"2021-12-20T02:53:02","date_gmt":"2021-12-20T01:53:02","guid":{"rendered":"http:\/\/poker-solidaire.fr\/?page_id=26"},"modified":"2024-12-20T17:03:41","modified_gmt":"2024-12-20T16:03:41","slug":"accueil","status":"publish","type":"page","link":"http:\/\/a-f-p-i.com\/pcs\/","title":{"rendered":"Accueil"},"content":{"rendered":"\n<div style=\"height:17px\" aria-hidden=\"true\" class=\"wp-block-spacer\"><\/div>\n\n\n<h3><strong>Pour vous aider et pour nous aider \u00e0 aider !<\/strong><\/h3>\n<p><\/p>\n<p>Vous pouvez profiter d&rsquo;avantages de tarifs aupr\u00e8s de diff\u00e9rents parcs de loisirs, etc.<\/p>\n<p><\/p>\n<p>Notre concept est limit\u00e9 \u00e0 60 personnes au maximum car nous devons g\u00e9rer les demandes et communiquer ensemble afin de valider les diff\u00e9rentes commandes.<\/p>\n<p><\/p>\n<p>Il est possible d&rsquo;annoncer de temps en temps des sorties en groupe.<\/p>\n<p><\/p>\n<p>PASS CLUB SOLIDAIRE souhaite venir en aide \u00e0 plusieurs associations \u00e0 but caritatif, dont principalement situ\u00e9es dans la r\u00e9gion Auvergne-Rh\u00f4ne-Alpes.<\/p>\n\n\n<div style=\"height:32px\" aria-hidden=\"true\" class=\"wp-block-spacer\"><\/div>\n\n\n<p><strong>Voici 2 associations que nous soutenons :<\/strong><\/p>\n\n<div class=\"wp-block-image\">\n<figure class=\"aligncenter size-full\"><img decoding=\"async\" loading=\"lazy\" width=\"450\" height=\"305\" src=\"http:\/\/a-f-p-i.com\/pcs\/wp-content\/uploads\/2022\/10\/logo-association-line-450.png\" alt=\"\" class=\"wp-image-771\" srcset=\"http:\/\/a-f-p-i.com\/pcs\/wp-content\/uploads\/2022\/10\/logo-association-line-450.png 450w, http:\/\/a-f-p-i.com\/pcs\/wp-content\/uploads\/2022\/10\/logo-association-line-450-300x203.png 300w\" sizes=\"(max-width: 450px) 100vw, 450px\" \/><figcaption class=\"wp-element-caption\"><a href=\"http:\/\/www.association-line.org\" target=\"_blank\" rel=\"noreferrer noopener\" title=\"www.association-line.org\">www.association-line.org<\/a><\/figcaption><\/figure><\/div>\n\n\n<div style=\"height:20px\" aria-hidden=\"true\" class=\"wp-block-spacer\"><\/div>\n\n\n<div class=\"wp-block-image\">\n<figure class=\"aligncenter size-full\"><a href=\"https:\/\/www.appel-rhone-alpes.com\/\" target=\"_blank\" rel=\"noopener\"><img decoding=\"async\" loading=\"lazy\" width=\"479\" height=\"255\" src=\"http:\/\/a-f-p-i.com\/pcs\/wp-content\/uploads\/2022\/03\/association-appel.jpg\" alt=\"\" class=\"wp-image-397\" srcset=\"http:\/\/a-f-p-i.com\/pcs\/wp-content\/uploads\/2022\/03\/association-appel.jpg 479w, http:\/\/a-f-p-i.com\/pcs\/wp-content\/uploads\/2022\/03\/association-appel-300x160.jpg 300w\" sizes=\"(max-width: 479px) 100vw, 479px\" \/><\/a><figcaption class=\"wp-element-caption\"><a href=\"https:\/\/www.appel-rhone-alpes.com\/\" target=\"_blank\" rel=\"noreferrer noopener\" title=\"https:\/\/www.appel-rhone-alpes.com\/\">www.appel-rhone-alpes.com<\/a><\/figcaption><\/figure><\/div>\n\n\n<div style=\"height:20px\" aria-hidden=\"true\" class=\"wp-block-spacer\"><\/div>\n\n\n<p style=\"text-align: center;\">Nous acceptons de recevoir des demandes de partenariats pour des projets.<\/p>\n\n\n<div style=\"height:24px\" aria-hidden=\"true\" class=\"wp-block-spacer\"><\/div>\n\n\n\n<div style=\"height:75px\" aria-hidden=\"true\" class=\"wp-block-spacer\"><\/div>\n","protected":false},"excerpt":{"rendered":"<p>Pour vous aider et pour nous aider \u00e0 aider ! Vous pouvez profiter d&rsquo;avantages de<\/p>\n","protected":false},"author":1,"featured_media":0,"parent":0,"menu_order":0,"comment_status":"closed","ping_status":"closed","template":"","meta":[],"_links":{"self":[{"href":"http:\/\/a-f-p-i.com\/pcs\/wp-json\/wp\/v2\/pages\/26"}],"collection":[{"href":"http:\/\/a-f-p-i.com\/pcs\/wp-json\/wp\/v2\/pages"}],"about":[{"href":"http:\/\/a-f-p-i.com\/pcs\/wp-json\/wp\/v2\/types\/page"}],"author":[{"embeddable":true,"href":"http:\/\/a-f-p-i.com\/pcs\/wp-json\/wp\/v2\/users\/1"}],"replies":[{"embeddable":true,"href":"http:\/\/a-f-p-i.com\/pcs\/wp-json\/wp\/v2\/comments?post=26"}],"version-history":[{"count":11,"href":"http:\/\/a-f-p-i.com\/pcs\/wp-json\/wp\/v2\/pages\/26\/revisions"}],"predecessor-version":[{"id":1429,"href":"http:\/\/a-f-p-i.com\/pcs\/wp-json\/wp\/v2\/pages\/26\/revisions\/1429"}],"wp:attachment":[{"href":"http:\/\/a-f-p-i.com\/pcs\/wp-json\/wp\/v2\/media?parent=26"}],"curies":[{"name":"wp","href":"https:\/\/api.w.org\/{rel}","templated":true}]}}