{"id":24,"date":"2021-12-20T02:52:44","date_gmt":"2021-12-20T01:52:44","guid":{"rendered":"http:\/\/poker-solidaire.fr\/?page_id=24"},"modified":"2024-12-20T17:05:30","modified_gmt":"2024-12-20T16:05:30","slug":"presentation","status":"publish","type":"page","link":"http:\/\/a-f-p-i.com\/pcs\/presentation\/","title":{"rendered":"Pr\u00e9sentation"},"content":{"rendered":"\n<div style=\"height:25px\" aria-hidden=\"true\" class=\"wp-block-spacer\"><\/div>\n\n\n<p><span style=\"font-size: revert; color: initial;\">Le PASS CLUB SOLIDAIRE existe depuis mai 2023 et <\/span><span style=\"font-size: revert; color: initial;\">vous est propos\u00e9 par l&rsquo;Association Fran\u00e7aise Productive de l\u2019Image (A.F.P.I).<\/span><\/p>\n<p>Le PASS CLUB SOLIDAIRE est un abonnement annuel qui permet de profiter de r\u00e9ductions de tarifs pour\u00a0acc\u00e9der \u00e0 des parcs aquatiques, des parcs d&rsquo;attractions, etc.<\/p>\n<p>Gr\u00e2ce aux abonnements, nous pouvons d\u00e9velopper des projets \u00e0 but caritatif avec d&rsquo;autres associations, dont par exemple le concept <a href=\"http:\/\/www.poker-solidaire.fr\" target=\"_blank\" rel=\"noopener\">Poker Solidaire<\/a>.<\/p>\n<div dir=\"auto\">L&rsquo;abonnement annuel est \u00e0 20\u20ac, et cette offre est limit\u00e9e cette ann\u00e9e \u00e0 60 personnes au maximum.<\/div>\n<div dir=\"auto\">Il y a une r\u00e9duction de 5\u20ac pour les joueurs de Poker Solidaire, soit un abonnement annuel de 15\u20ac.<\/div>\n<div dir=\"auto\">Le prix de l&rsquo;abonnement sont tr\u00e8s vite rentabilis\u00e9, d\u00e8s que vous souhaitez par exemple acheter plusieurs entr\u00e9es pour un parc d&rsquo;attractions.<\/div>\n<div dir=\"auto\">\u00a0<\/div>\n<div dir=\"auto\">Les abonn\u00e9s peuvent passer plusieurs commandes durant l&rsquo;ann\u00e9e, et il est possible de commander pour plusieurs b\u00e9n\u00e9ficiaires.<\/div>\n<div dir=\"auto\">\u00a0<\/div>\n<div dir=\"auto\">Vous avez sans doute d\u00e9j\u00e0 des offres promotionnelles ailleurs, mais \u00e0 vous de comparer si vous avez envie de nous aider \u00e0 pouvoir organiser des \u00e9v\u00e8nements \u00e0 but caritatif.<\/div>\n<div dir=\"auto\">\u00a0<\/div>\n<div dir=\"auto\">Si vous avez des questions, vous pouvez nous contacter avant de s&rsquo;abonner !<\/div>\n\n\n<div style=\"height:24px\" aria-hidden=\"true\" class=\"wp-block-spacer\"><\/div>\n\n\n\n<div style=\"height:80px\" aria-hidden=\"true\" class=\"wp-block-spacer\"><\/div>\n","protected":false},"excerpt":{"rendered":"<p>Le PASS CLUB SOLIDAIRE existe depuis mai 2023 et vous est propos\u00e9 par l&rsquo;Association Fran\u00e7aise<\/p>\n","protected":false},"author":1,"featured_media":0,"parent":0,"menu_order":0,"comment_status":"closed","ping_status":"closed","template":"","meta":[],"_links":{"self":[{"href":"http:\/\/a-f-p-i.com\/pcs\/wp-json\/wp\/v2\/pages\/24"}],"collection":[{"href":"http:\/\/a-f-p-i.com\/pcs\/wp-json\/wp\/v2\/pages"}],"about":[{"href":"http:\/\/a-f-p-i.com\/pcs\/wp-json\/wp\/v2\/types\/page"}],"author":[{"embeddable":true,"href":"http:\/\/a-f-p-i.com\/pcs\/wp-json\/wp\/v2\/users\/1"}],"replies":[{"embeddable":true,"href":"http:\/\/a-f-p-i.com\/pcs\/wp-json\/wp\/v2\/comments?post=24"}],"version-history":[{"count":12,"href":"http:\/\/a-f-p-i.com\/pcs\/wp-json\/wp\/v2\/pages\/24\/revisions"}],"predecessor-version":[{"id":1431,"href":"http:\/\/a-f-p-i.com\/pcs\/wp-json\/wp\/v2\/pages\/24\/revisions\/1431"}],"wp:attachment":[{"href":"http:\/\/a-f-p-i.com\/pcs\/wp-json\/wp\/v2\/media?parent=24"}],"curies":[{"name":"wp","href":"https:\/\/api.w.org\/{rel}","templated":true}]}}