{"id":131,"date":"2021-12-20T06:06:49","date_gmt":"2021-12-20T05:06:49","guid":{"rendered":"http:\/\/poker-solidaire.fr\/?page_id=131"},"modified":"2023-05-16T04:24:22","modified_gmt":"2023-05-16T02:24:22","slug":"mentions-legales","status":"publish","type":"page","link":"http:\/\/a-f-p-i.com\/pcs\/mentions-legales\/","title":{"rendered":"Mentions L\u00e9gales"},"content":{"rendered":"\n<div style=\"height:48px\" aria-hidden=\"true\" class=\"wp-block-spacer\"><\/div>\n\n\n<p><strong>Nom de domaine :<\/strong><\/p>\n<ul>\n<li>Le nom de domaine PASS-CLUB-SOLIDAIRE.FR est g\u00e9r\u00e9 par la soci\u00e9t\u00e9 suisse Infomaniak Network.<\/li>\n<li>Infomaniak Network SA<br \/>25 Rue Eug\u00e8ne Marziano<br \/>CH-1227 LES ACACIAS<\/li>\n<\/ul>\n<p><strong>Propri\u00e9taire :<\/strong><\/p>\n<ul>\n<li>Association Fran\u00e7aise Productive de l&rsquo;Image (A.F.P.I)<br \/><a href=\"http:\/\/www.a-f-p-i.com\" target=\"_blank\" rel=\"noopener noreferrer\">www.A-F-P-I.com<\/a><\/li>\n<\/ul>\n<p><strong>Webmaster du site :<\/strong><\/p>\n<ul>\n<li>KrisWeb. <a href=\"http:\/\/www.krisweb.xyz\" target=\"_blank\" rel=\"noopener noreferrer\">www.KrisWeb.xyz<\/a><\/li>\n<li>Statut auto-entrepreneur.<br \/>Siret : 43894500800029.<br \/>N\u00b0 TVA : TVA non applicable, art. 293 B du CGI.<\/li>\n<\/ul>\n<p><strong>H\u00e9bergement web :<\/strong><\/p>\n<ul>\n<li>Le prestataire assurant l\u2019h\u00e9bergement est la soci\u00e9t\u00e9 Hostinger.<br \/><a href=\"http:\/\/www.hostinger.fr\" target=\"_blank\" rel=\"noopener noreferrer\">www.Hostinger.Fr<\/a><br \/>Il s&rsquo;agit d&rsquo;une soci\u00e9t\u00e9 internationale.<\/li>\n<li>Hostinger UAB.<br \/>Rue K. Donelaicio 62-1<br \/>44248 Kaunas, Lituanie<\/li>\n<li>Hostinger International Ltd.<br \/>61 Rue Lordou Vironos<br \/>6023 Larnaca, Chypre<\/li>\n<\/ul>\n\n\n<div style=\"height:48px\" aria-hidden=\"true\" class=\"wp-block-spacer\"><\/div>\n","protected":false},"excerpt":{"rendered":"<p>Nom de domaine : Le nom de domaine PASS-CLUB-SOLIDAIRE.FR est g\u00e9r\u00e9 par la soci\u00e9t\u00e9 suisse<\/p>\n","protected":false},"author":1,"featured_media":0,"parent":0,"menu_order":0,"comment_status":"closed","ping_status":"closed","template":"","meta":[],"_links":{"self":[{"href":"http:\/\/a-f-p-i.com\/pcs\/wp-json\/wp\/v2\/pages\/131"}],"collection":[{"href":"http:\/\/a-f-p-i.com\/pcs\/wp-json\/wp\/v2\/pages"}],"about":[{"href":"http:\/\/a-f-p-i.com\/pcs\/wp-json\/wp\/v2\/types\/page"}],"author":[{"embeddable":true,"href":"http:\/\/a-f-p-i.com\/pcs\/wp-json\/wp\/v2\/users\/1"}],"replies":[{"embeddable":true,"href":"http:\/\/a-f-p-i.com\/pcs\/wp-json\/wp\/v2\/comments?post=131"}],"version-history":[{"count":1,"href":"http:\/\/a-f-p-i.com\/pcs\/wp-json\/wp\/v2\/pages\/131\/revisions"}],"predecessor-version":[{"id":1316,"href":"http:\/\/a-f-p-i.com\/pcs\/wp-json\/wp\/v2\/pages\/131\/revisions\/1316"}],"wp:attachment":[{"href":"http:\/\/a-f-p-i.com\/pcs\/wp-json\/wp\/v2\/media?parent=131"}],"curies":[{"name":"wp","href":"https:\/\/api.w.org\/{rel}","templated":true}]}}